{"id":15336,"date":"2020-11-20T22:43:22","date_gmt":"2020-11-21T01:43:22","guid":{"rendered":"http:\/\/xamegobom.com.br\/sobre-xamego-bom\/"},"modified":"2021-09-01T10:32:22","modified_gmt":"2021-09-01T13:32:22","slug":"sobre-xamego-bom","status":"publish","type":"page","link":"https:\/\/xamegobom.com.br\/es\/sobre-xamego-bom\/","title":{"rendered":"Sobre Xamego Bom"},"content":{"rendered":"<p>\u00a0<\/p>\n<p><iframe loading=\"lazy\" src=\"https:\/\/www.youtube.com\/embed\/hOUUbh7pV6U\" width=\"560\" height=\"315\" frameborder=\"0\" allowfullscreen=\"allowfullscreen\"><\/iframe><\/p>\n<p>A <strong>Xamego Bom<\/strong> es una industria alimentaria que desde 1957 se ha dedicado a fabricar m\u00e1s que productos: Entregamos soluciones para confiter\u00eda, helados, food servisse, retail y cash &#038; carry. Contamos con la certificaci\u00f3n FSSC 22000, que incluye los protocolos ISO e ISO-TS. Esta certificaci\u00f3n atestigua la seguridad y calidad de nuestros productos y la seriedad con la que cuidamos cada etapa de nuestro proceso productivo, desde la adquisici\u00f3n de la materia prima hasta el producto final.<\/p>\n<p>Nuestro sistema de distribuci\u00f3n hace que nuestros productos est\u00e9n disponibles de manera eficiente y segura en todo Brasil.<\/p>\n<p>Nos ganamos la admiraci\u00f3n, el reconocimiento y la confianza de reconocidos Chefs Pasteleros, Panaderos, Churreros y Consumidores de los m\u00e1s diversos segmentos, lo que nos trajo numerosos premios, otorgados por las principales autoridades en panader\u00eda y reposter\u00eda.<\/p>\n<p>Si desea conocer m\u00e1s sobre nuestra Industria, nuestros productos, servicios o necesita otra informaci\u00f3n, comun\u00edquese con nuestro Servicio de Atenci\u00f3n al Cliente o acceda al men\u00fa Cont\u00e1ctenos.<\/p>\n<h2 class=\"h5\">Pol\u00edtica de calidad<\/h2>\n<p>Estamos plenamente comprometidos con nuestros clientes y consumidores, buscando garantizar productos de calidad con seguridad alimentaria a trav\u00e9s de la mejora continua, el desarrollo de las habilidades y competencias necesarias para todos los involucrados en el proceso, buscando siempre el cumplimiento de los requisitos legales y estatutarios, con el objetivo de controlando los posibles peligros que pueden ocurrir durante el procesamiento.<\/p>\n<h2 class=\"h5\">Misi\u00f3n <strong style=\"font-size: 16px;\">(Raz\u00f3n de ser)<\/strong><\/h2>\n<dl>\n<dd>Contribuir a trav\u00e9s del suministro de productos alimenticios de calidad, a mejorar la competitividad de nuestros clientes, en armon\u00eda con los intereses de socios, empleados, clientes y proveedores.<\/dd>\n<dd><\/dd>\n<\/dl>\n<h2 class=\"h5\">Valores <strong style=\"font-size: 16px;\">(Principios, creencias)<\/strong><\/h2>\n<dl>\n<dd>Integridad, calidad, sencillez, trabajo en equipo, asociaci\u00f3n con proveedores, comunidad y clientes.<\/dd>\n<\/dl>\n<h2 class=\"h5\">Visi\u00f3n <strong style=\"font-size: 16px;\">(Sue\u00f1o, deseo inspirador)<\/strong><\/h2>\n<dl>\n<dd>Ser reconocida como una empresa de calidad que cumple con su rol social.<br \/>\nSer l\u00edder en el mercado.<\/dd>\n<\/dl>\n<p><a href=\"http:\/\/localhost\/wp-content\/uploads\/2020\/09\/Codigo-de-Etica-e-Principios.pdf\"><em><strong>C\u00f3digo de \u00c9tica<\/strong><\/em><\/a><\/p>\n<h2 class=\"h5\">Premios<\/h2>\n<dl>\n<dd>Durante veinte a\u00f1os consecutivos, Xamego Bom ha sido reconocida con el Trofeo Baker Top Award, ganando como el mejor Dulce de Leche e provedor de rellenos l\u00e1cteos del mercado. Tambi\u00e9n ganamos el premio Baker Top a los mejores productos base para la fabricaci\u00f3n de dulces.<\/p>\n<p>Adem\u00e1s, ganamos el premio \u201cM\u00c1S GRANDE Y MEJORES DE LA PANADERIA BRASILE\u00d1A\u201d en la categor\u00eda de Materias Primas y Insumos.<\/dd>\n<\/dl>\n","protected":false},"excerpt":{"rendered":"<p>\u00a0 A Xamego Bom es una industria alimentaria que desde 1957 se ha dedicado a fabricar m\u00e1s que productos: Entregamos soluciones para confiter\u00eda, helados, food servisse, retail y cash &#038; carry. Contamos con la certificaci\u00f3n FSSC 22000, que incluye los protocolos ISO e ISO-TS. Esta certificaci\u00f3n atestigua la seguridad y calidad de nuestros productos y [&hellip;]<\/p>\n","protected":false},"author":1,"featured_media":0,"parent":0,"menu_order":5,"comment_status":"closed","ping_status":"closed","template":"","meta":{"footnotes":""},"class_list":["post-15336","page","type-page","status-publish","hentry"],"_links":{"self":[{"href":"https:\/\/xamegobom.com.br\/es\/wp-json\/wp\/v2\/pages\/15336","targetHints":{"allow":["GET"]}}],"collection":[{"href":"https:\/\/xamegobom.com.br\/es\/wp-json\/wp\/v2\/pages"}],"about":[{"href":"https:\/\/xamegobom.com.br\/es\/wp-json\/wp\/v2\/types\/page"}],"author":[{"embeddable":true,"href":"https:\/\/xamegobom.com.br\/es\/wp-json\/wp\/v2\/users\/1"}],"replies":[{"embeddable":true,"href":"https:\/\/xamegobom.com.br\/es\/wp-json\/wp\/v2\/comments?post=15336"}],"version-history":[{"count":3,"href":"https:\/\/xamegobom.com.br\/es\/wp-json\/wp\/v2\/pages\/15336\/revisions"}],"predecessor-version":[{"id":19390,"href":"https:\/\/xamegobom.com.br\/es\/wp-json\/wp\/v2\/pages\/15336\/revisions\/19390"}],"wp:attachment":[{"href":"https:\/\/xamegobom.com.br\/es\/wp-json\/wp\/v2\/media?parent=15336"}],"curies":[{"name":"wp","href":"https:\/\/api.w.org\/{rel}","templated":true}]}}